{"id":11,"date":"2025-07-24T11:38:54","date_gmt":"2025-07-24T11:38:54","guid":{"rendered":"https:\/\/www.alicjanasardynii.pl\/?page_id=9"},"modified":"2025-07-24T11:38:54","modified_gmt":"2025-07-24T11:38:54","slug":"o-blogu","status":"publish","type":"page","link":"https:\/\/alicjanasardynii.pl\/?page_id=11","title":{"rendered":"O blogu"},"content":{"rendered":"\n<p>Blog <strong>&#8222;Komfort i Chwila&#8221;<\/strong> powsta\u0142 z potrzeby po\u0142\u0105czenia inspiracji, wiedzy i praktyki w zakresie wsp\u00f3\u0142czesnej go\u015bcinno\u015bci hotelarskiej. Znajdziesz tu eseje merytoryczne, kt\u00f3re nie tylko przybli\u017caj\u0105 specyfik\u0119 dzia\u0142ania hoteli z zapleczem SPA i konferencyjnym, ale r\u00f3wnie\u017c pomagaj\u0105 podj\u0105\u0107 \u015bwiadome decyzje dotycz\u0105ce wypoczynku, organizacji wydarze\u0144 czy piel\u0119gnacji zdrowia i komfortu psychicznego.<\/p>\n\n\n\n<p>\u2728 Wyja\u015bniamy, dlaczego jako\u015b\u0107 us\u0142ug SPA ma znaczenie<\/p>\n\n\n\n<p>\u2728 Pokazujemy, jak sale weselne mog\u0105 by\u0107 zar\u00f3wno funkcjonalne, jak i pi\u0119kne<\/p>\n\n\n\n<p>\u2728 Przedstawiamy kulisy pracy hotelu, kt\u00f3ry chce da\u0107 go\u015bciowi co\u015b wi\u0119cej ni\u017c nocleg<\/p>\n\n\n\n<p>\u2728 Poruszamy temat odpoczynku, kt\u00f3ry odradza cia\u0142o i umys\u0142<\/p>\n\n\n\n<p>\u2728 Przybli\u017camy, jak tworzy\u0107 wydarzenia z klas\u0105 i emocjami<\/p>\n\n\n\n<p>Ka\u017cdy tekst tworzony jest z my\u015bl\u0105 o Tobie \u2013 go\u015bciu, organizatorze, podr\u00f3\u017cniku lub przysz\u0142ej Parze M\u0142odej. Zapraszam do wsp\u00f3lnej podr\u00f3\u017cy po hotelowych przestrzeniach dobrego samopoczucia!<\/p>\n","protected":false},"excerpt":{"rendered":"<p>Blog &#8222;Komfort i Chwila&#8221; powsta\u0142 z potrzeby po\u0142\u0105czenia inspiracji, wiedzy i praktyki w zakresie wsp\u00f3\u0142czesnej go\u015bcinno\u015bci hotelarskiej. Znajdziesz tu eseje merytoryczne, kt\u00f3re nie tylko przybli\u017caj\u0105 specyfik\u0119 dzia\u0142ania hoteli z zapleczem SPA i konferencyjnym, ale r\u00f3wnie\u017c pomagaj\u0105 podj\u0105\u0107 \u015bwiadome decyzje dotycz\u0105ce wypoczynku, organizacji wydarze\u0144 czy piel\u0119gnacji zdrowia i komfortu psychicznego. \u2728 Wyja\u015bniamy, dlaczego jako\u015b\u0107 us\u0142ug SPA [&hellip;]<\/p>\n","protected":false},"author":1,"featured_media":0,"parent":0,"menu_order":0,"comment_status":"closed","ping_status":"closed","template":"","meta":{"footnotes":""},"class_list":["post-11","page","type-page","status-publish","hentry"],"_links":{"self":[{"href":"https:\/\/alicjanasardynii.pl\/index.php?rest_route=\/wp\/v2\/pages\/11","targetHints":{"allow":["GET"]}}],"collection":[{"href":"https:\/\/alicjanasardynii.pl\/index.php?rest_route=\/wp\/v2\/pages"}],"about":[{"href":"https:\/\/alicjanasardynii.pl\/index.php?rest_route=\/wp\/v2\/types\/page"}],"author":[{"embeddable":true,"href":"https:\/\/alicjanasardynii.pl\/index.php?rest_route=\/wp\/v2\/users\/1"}],"replies":[{"embeddable":true,"href":"https:\/\/alicjanasardynii.pl\/index.php?rest_route=%2Fwp%2Fv2%2Fcomments&post=11"}],"version-history":[{"count":0,"href":"https:\/\/alicjanasardynii.pl\/index.php?rest_route=\/wp\/v2\/pages\/11\/revisions"}],"wp:attachment":[{"href":"https:\/\/alicjanasardynii.pl\/index.php?rest_route=%2Fwp%2Fv2%2Fmedia&parent=11"}],"curies":[{"name":"wp","href":"https:\/\/api.w.org\/{rel}","templated":true}]}}